{"id":238,"date":"2015-07-08T16:51:23","date_gmt":"2015-07-08T14:51:23","guid":{"rendered":"http:\/\/demo.trafileriacolombo.com\/home-3\/"},"modified":"2019-03-19T14:22:15","modified_gmt":"2019-03-19T13:22:15","slug":"home","status":"publish","type":"page","link":"https:\/\/www.trafileriacolombo.com\/de\/","title":{"rendered":"Home"},"content":{"rendered":"<p>[vc_row margin_top=&#8220;-20&#8243;][vc_column width=&#8220;1\/3&#8243;][vc_column_text]<a href=\"\/de\/der-betrieb\/\"><img class=\"alignnone size-medium wp-image-11\" src=\"http:\/\/www.trafileriacolombo.com\/wp-content\/uploads\/2015\/07\/azienda-trafileria-300x153.jpg\" alt=\"azienda-trafileria\" width=\"100%\" srcset=\"https:\/\/www.trafileriacolombo.com\/wp-content\/uploads\/2015\/07\/azienda-trafileria-300x153.jpg 300w, https:\/\/www.trafileriacolombo.com\/wp-content\/uploads\/2015\/07\/azienda-trafileria.jpg 350w\" sizes=\"(max-width: 300px) 100vw, 300px\" \/><\/a><\/p>\n<h2 style=\"font-size: 20px; color: 5f5f5f;\">Der Betrieb<\/h2>\n<p>Der Betrieb umfasst einen Bereich von 13.000 qm, 5.000 qm davon \u00fcberbaut mit Werkhallen, Lager und B\u00fcros.<\/p>\n<p>Mit ihrer sechzigj\u00e4hrigen Erfahrung ist die Zieherei Colombo S.r.l. heute eines der fortschrittlichsten Unternehmen der Branche Zertifikat ISO 9001:2015 erhalten.<\/p>\n<p><a href=\"\/de\/der-betrieb\/\"><strong>GEHE ZU SEITE<\/strong><\/a>[\/vc_column_text][\/vc_column][vc_column width=&#8220;1\/3&#8243;][vc_column_text]<a href=\"\/de\/produkte\/\"><img class=\"alignnone size-full wp-image-22\" src=\"\/wp-content\/uploads\/2015\/07\/prodotti-trafileria.jpg\" alt=\"prodotti-trafileria\" width=\"100%\" srcset=\"https:\/\/www.trafileriacolombo.com\/wp-content\/uploads\/2015\/07\/prodotti-trafileria.jpg 349w, https:\/\/www.trafileriacolombo.com\/wp-content\/uploads\/2015\/07\/prodotti-trafileria-300x154.jpg 300w\" sizes=\"(max-width: 349px) 100vw, 349px\" \/><\/a><\/p>\n<h2 style=\"font-size: 20px; color: 5f5f5f;\">Produkte<\/h2>\n<p>Die Zieherei Trafileria Colombo S.r.l. produziert folgende Artikel :<\/p>\n<ul>\n<li style=\"list-style-type: none;\">\n<ul>\n<li>GEZOGENER FLACHSTAHL \u2013 GEZOGENE VIERKANTST\u00c4HLE<\/li>\n<li>GEZOGENE PROFILE<\/li>\n<li>KALTGEWALZTER FLACHSTAHL<\/li>\n<li>SHARFKANTING ODER RUNDKANTING<\/li>\n<li>IN UNBEHANDELTER ODER GEGL\u00dcHTER AUSF\u00dcHRUNG<\/li>\n<\/ul>\n<\/li>\n<\/ul>\n<p><a href=\"\/de\/produkte\/\"><strong>GEHE ZU SEITE<\/strong><\/a>[\/vc_column_text][\/vc_column][vc_column width=&#8220;1\/3&#8243;][vc_column_text]<a href=\"\/de\/kontakte\/\"><img class=\"alignnone size-full wp-image-24\" src=\"\/wp-content\/uploads\/2015\/07\/contatti-trafileria.jpg\" alt=\"contatti-trafileria\" width=\"100%\" \/><\/a><\/p>\n<h2 style=\"font-size: 20px; color: 5f5f5f;\">Kontakte<\/h2>\n<p>Via Sicilia, 79<br \/>\n20020 Bienate di Magnago (Mi)<\/p>\n<p>Telefon +39 0331 657193 &#8211; 657314<br \/>\nFax +39 0331 657201<\/p>\n<p>trafcol@trafileriacolombo.com<br \/>\nproduzione@trafileriacolombo.com<\/p>\n<p><a href=\"\/de\/kontakte\/\"><strong>GEHE ZU SEITE<\/strong><\/a>[\/vc_column_text][\/vc_column][\/vc_row]<\/p>\n","protected":false},"excerpt":{"rendered":"<p>[vc_row margin_top=&#8220;-20&#8243;][vc_column width=&#8220;1\/3&#8243;][vc_column_text] Der Betrieb Der Betrieb umfasst einen Bereich von 13.000 qm, 5.000 qm davon \u00fcberbaut mit Werkhallen, Lager und B\u00fcros. Mit ihrer sechzigj\u00e4hrigen Erfahrung ist die Zieherei Colombo S.r.l. heute eines der fortschrittlichsten Unternehmen der Branche Zertifikat ISO 9001:2015 erhalten. GEHE ZU SEITE[\/vc_column_text][\/vc_column][vc_column width=&#8220;1\/3&#8243;][vc_column_text] Produkte Die Zieherei Trafileria Colombo S.r.l. produziert folgende Artikel&hellip;<\/p>\n","protected":false},"author":4,"featured_media":0,"parent":0,"menu_order":0,"comment_status":"closed","ping_status":"closed","template":"","meta":{"_monsterinsights_skip_tracking":false,"_monsterinsights_sitenote_active":false,"_monsterinsights_sitenote_note":"","_monsterinsights_sitenote_category":0},"yoast_head":"<!-- This site is optimized with the Yoast SEO plugin v17.6 - https:\/\/yoast.com\/wordpress\/plugins\/seo\/ -->\n<title>Home - Trafileria Colombo<\/title>\n<meta name=\"robots\" content=\"index, follow, max-snippet:-1, max-image-preview:large, max-video-preview:-1\" \/>\n<link rel=\"canonical\" href=\"https:\/\/www.trafileriacolombo.com\/de\/\" \/>\n<meta property=\"og:locale\" content=\"de_DE\" \/>\n<meta property=\"og:type\" content=\"article\" \/>\n<meta property=\"og:title\" content=\"Home - Trafileria Colombo\" \/>\n<meta property=\"og:description\" content=\"[vc_row margin_top=&#8220;-20&#8243;][vc_column width=&#8220;1\/3&#8243;][vc_column_text] Der Betrieb Der Betrieb umfasst einen Bereich von 13.000 qm, 5.000 qm davon \u00fcberbaut mit Werkhallen, Lager und B\u00fcros. Mit ihrer sechzigj\u00e4hrigen Erfahrung ist die Zieherei Colombo S.r.l. heute eines der fortschrittlichsten Unternehmen der Branche Zertifikat ISO 9001:2015 erhalten. GEHE ZU SEITE[\/vc_column_text][\/vc_column][vc_column width=&#8220;1\/3&#8243;][vc_column_text] Produkte Die Zieherei Trafileria Colombo S.r.l. produziert folgende Artikel&hellip;\" \/>\n<meta property=\"og:url\" content=\"https:\/\/www.trafileriacolombo.com\/de\/\" \/>\n<meta property=\"og:site_name\" content=\"Trafileria Colombo\" \/>\n<meta property=\"article:modified_time\" content=\"2019-03-19T13:22:15+00:00\" \/>\n<meta property=\"og:image\" content=\"https:\/\/www.trafileriacolombo.com\/wp-content\/uploads\/2015\/07\/azienda-trafileria-300x153.jpg\" \/>\n<meta name=\"twitter:card\" content=\"summary\" \/>\n<meta name=\"twitter:label1\" content=\"Gesch\u00e4tzte Lesezeit\" \/>\n\t<meta name=\"twitter:data1\" content=\"1\u00a0Minute\" \/>\n<script type=\"application\/ld+json\" class=\"yoast-schema-graph\">{\"@context\":\"https:\/\/schema.org\",\"@graph\":[{\"@type\":\"WebSite\",\"@id\":\"https:\/\/www.trafileriacolombo.com\/#website\",\"url\":\"https:\/\/www.trafileriacolombo.com\/\",\"name\":\"Trafileria Colombo\",\"description\":\"Iron, steel drawn flates and squares production, sharp-edged, round-edged flats\",\"potentialAction\":[{\"@type\":\"SearchAction\",\"target\":{\"@type\":\"EntryPoint\",\"urlTemplate\":\"https:\/\/www.trafileriacolombo.com\/?s={search_term_string}\"},\"query-input\":\"required name=search_term_string\"}],\"inLanguage\":\"de\"},{\"@type\":\"ImageObject\",\"@id\":\"https:\/\/www.trafileriacolombo.com\/de\/#primaryimage\",\"inLanguage\":\"de\",\"url\":\"http:\/\/www.trafileriacolombo.com\/wp-content\/uploads\/2015\/07\/azienda-trafileria-300x153.jpg\",\"contentUrl\":\"http:\/\/www.trafileriacolombo.com\/wp-content\/uploads\/2015\/07\/azienda-trafileria-300x153.jpg\"},{\"@type\":\"WebPage\",\"@id\":\"https:\/\/www.trafileriacolombo.com\/de\/#webpage\",\"url\":\"https:\/\/www.trafileriacolombo.com\/de\/\",\"name\":\"Home - Trafileria Colombo\",\"isPartOf\":{\"@id\":\"https:\/\/www.trafileriacolombo.com\/#website\"},\"primaryImageOfPage\":{\"@id\":\"https:\/\/www.trafileriacolombo.com\/de\/#primaryimage\"},\"datePublished\":\"2015-07-08T14:51:23+00:00\",\"dateModified\":\"2019-03-19T13:22:15+00:00\",\"breadcrumb\":{\"@id\":\"https:\/\/www.trafileriacolombo.com\/de\/#breadcrumb\"},\"inLanguage\":\"de\",\"potentialAction\":[{\"@type\":\"ReadAction\",\"target\":[\"https:\/\/www.trafileriacolombo.com\/de\/\"]}]},{\"@type\":\"BreadcrumbList\",\"@id\":\"https:\/\/www.trafileriacolombo.com\/de\/#breadcrumb\",\"itemListElement\":[{\"@type\":\"ListItem\",\"position\":1,\"name\":\"Home\",\"item\":\"https:\/\/www.trafileriacolombo.com\/de\/\"},{\"@type\":\"ListItem\",\"position\":2,\"name\":\"Home\"}]}]}<\/script>\n<!-- \/ Yoast SEO plugin. -->","yoast_head_json":{"title":"Home - Trafileria Colombo","robots":{"index":"index","follow":"follow","max-snippet":"max-snippet:-1","max-image-preview":"max-image-preview:large","max-video-preview":"max-video-preview:-1"},"canonical":"https:\/\/www.trafileriacolombo.com\/de\/","og_locale":"de_DE","og_type":"article","og_title":"Home - Trafileria Colombo","og_description":"[vc_row margin_top=&#8220;-20&#8243;][vc_column width=&#8220;1\/3&#8243;][vc_column_text] Der Betrieb Der Betrieb umfasst einen Bereich von 13.000 qm, 5.000 qm davon \u00fcberbaut mit Werkhallen, Lager und B\u00fcros. Mit ihrer sechzigj\u00e4hrigen Erfahrung ist die Zieherei Colombo S.r.l. heute eines der fortschrittlichsten Unternehmen der Branche Zertifikat ISO 9001:2015 erhalten. GEHE ZU SEITE[\/vc_column_text][\/vc_column][vc_column width=&#8220;1\/3&#8243;][vc_column_text] Produkte Die Zieherei Trafileria Colombo S.r.l. produziert folgende Artikel&hellip;","og_url":"https:\/\/www.trafileriacolombo.com\/de\/","og_site_name":"Trafileria Colombo","article_modified_time":"2019-03-19T13:22:15+00:00","og_image":[{"url":"https:\/\/www.trafileriacolombo.com\/wp-content\/uploads\/2015\/07\/azienda-trafileria-300x153.jpg"}],"twitter_card":"summary","twitter_misc":{"Gesch\u00e4tzte Lesezeit":"1\u00a0Minute"},"schema":{"@context":"https:\/\/schema.org","@graph":[{"@type":"WebSite","@id":"https:\/\/www.trafileriacolombo.com\/#website","url":"https:\/\/www.trafileriacolombo.com\/","name":"Trafileria Colombo","description":"Iron, steel drawn flates and squares production, sharp-edged, round-edged flats","potentialAction":[{"@type":"SearchAction","target":{"@type":"EntryPoint","urlTemplate":"https:\/\/www.trafileriacolombo.com\/?s={search_term_string}"},"query-input":"required name=search_term_string"}],"inLanguage":"de"},{"@type":"ImageObject","@id":"https:\/\/www.trafileriacolombo.com\/de\/#primaryimage","inLanguage":"de","url":"http:\/\/www.trafileriacolombo.com\/wp-content\/uploads\/2015\/07\/azienda-trafileria-300x153.jpg","contentUrl":"http:\/\/www.trafileriacolombo.com\/wp-content\/uploads\/2015\/07\/azienda-trafileria-300x153.jpg"},{"@type":"WebPage","@id":"https:\/\/www.trafileriacolombo.com\/de\/#webpage","url":"https:\/\/www.trafileriacolombo.com\/de\/","name":"Home - Trafileria Colombo","isPartOf":{"@id":"https:\/\/www.trafileriacolombo.com\/#website"},"primaryImageOfPage":{"@id":"https:\/\/www.trafileriacolombo.com\/de\/#primaryimage"},"datePublished":"2015-07-08T14:51:23+00:00","dateModified":"2019-03-19T13:22:15+00:00","breadcrumb":{"@id":"https:\/\/www.trafileriacolombo.com\/de\/#breadcrumb"},"inLanguage":"de","potentialAction":[{"@type":"ReadAction","target":["https:\/\/www.trafileriacolombo.com\/de\/"]}]},{"@type":"BreadcrumbList","@id":"https:\/\/www.trafileriacolombo.com\/de\/#breadcrumb","itemListElement":[{"@type":"ListItem","position":1,"name":"Home","item":"https:\/\/www.trafileriacolombo.com\/de\/"},{"@type":"ListItem","position":2,"name":"Home"}]}]}},"_links":{"self":[{"href":"https:\/\/www.trafileriacolombo.com\/de\/wp-json\/wp\/v2\/pages\/238\/"}],"collection":[{"href":"https:\/\/www.trafileriacolombo.com\/de\/wp-json\/wp\/v2\/pages\/"}],"about":[{"href":"https:\/\/www.trafileriacolombo.com\/de\/wp-json\/wp\/v2\/types\/page\/"}],"author":[{"embeddable":true,"href":"https:\/\/www.trafileriacolombo.com\/de\/wp-json\/wp\/v2\/users\/4\/"}],"replies":[{"embeddable":true,"href":"https:\/\/www.trafileriacolombo.com\/de\/wp-json\/wp\/v2\/comments\/?post=238"}],"version-history":[{"count":6,"href":"https:\/\/www.trafileriacolombo.com\/de\/wp-json\/wp\/v2\/pages\/238\/revisions\/"}],"predecessor-version":[{"id":512,"href":"https:\/\/www.trafileriacolombo.com\/de\/wp-json\/wp\/v2\/pages\/238\/revisions\/512\/"}],"wp:attachment":[{"href":"https:\/\/www.trafileriacolombo.com\/de\/wp-json\/wp\/v2\/media\/?parent=238"}],"curies":[{"name":"wp","href":"https:\/\/api.w.org\/{rel}","templated":true}]}}