{"id":240,"date":"2015-07-09T10:20:49","date_gmt":"2015-07-09T08:20:49","guid":{"rendered":"http:\/\/demo.trafileriacolombo.com\/azienda-2\/"},"modified":"2022-06-08T15:15:26","modified_gmt":"2022-06-08T13:15:26","slug":"der-betrieb","status":"publish","type":"page","link":"https:\/\/www.trafileriacolombo.com\/de\/der-betrieb\/","title":{"rendered":"Der Betrieb"},"content":{"rendered":"<p>[vc_row margin_bottom=&#8220;30&#8243;][vc_column][vc_column_text]<\/p>\n<p style=\"font-size: 25px; line-height: 28px;\">Waehrend 70 Jahre hat <strong>Trafileria Colombo srl<\/strong> jene Merkamale entwickelt, die sie zu einer f\u00fchrenden Firma sowohl auf nationaler als auch auf internazionaler Eben, gemacht hat.<\/p>\n<p>[\/vc_column_text][\/vc_column][\/vc_row][vc_row][vc_column width=&#8220;1\/2&#8243;][vc_column_text]<\/p>\n<h2 style=\"color: #2b98ed;\">Gr\u00fcndung<\/h2>\n<p>Die Firma <strong>\u201cColombo Enrico e Figli\u201d<\/strong> wurde im Jahr 1948 von herrn Colombo Enrico gegruendet. Es handelte sich um eine kleine handwerkliche Firma im Gebiet der Stahlbearbeituing basierend auf der <strong>35jahrigen Erfahrung<\/strong> des Gruenders im Eisenmetallugie. Damals bastand das Personal aus dem Gruender und aus 3 von seinen 4 Sohnen. Ab 1972 f\u00fcrthen seine S\u00f6hne Eligio und Franco die Firma und gr\u00fcndeten im Jahr 1973 die \u201cTrafileria Colomo SDF.\u201d<br \/>\n\u00dcber Jahrzehnte gibt es eine positive Entwicklung und im Jahr 1979 wird die Firma in eine GmbH umgewandelt, in die \u201cTrafileria Colombo SRL\u201d die bis heute besteht.[\/vc_column_text][vc_column_text css=&#8220;.vc_custom_1436869158132{padding-top: 17px !important;padding-bottom: 10px !important;}&#8220;]<\/p>\n<h2 style=\"color: #2b98ed;\">Entwicklung<\/h2>\n<p>Die Firma war eine der ersten, die sich entschieden, die eigenen Produkte nach Ost-Europa zu exportieren; am Ende einer Periode von starker Expansion beschloss die Firma sich 1994 nach ISO 9001:2000 zertifizieren zu lassen.<\/p>\n<p>Im Jahr 2004 wurde die Leitung der Firma den Nachfolgern Gisella, Monica und Riccardo uebergeben, die die Hauptpositionen der Firma besetzen.[\/vc_column_text][vc_btn title=&#8220;ISO 9001:2015&#8243; style=&#8220;flat&#8220; shape=&#8220;square&#8220; color=&#8220;primary&#8220; size=&#8220;sm&#8220; link=&#8220;url:%2Fwp-content%2Fuploads%2F2021%2F04%2FISO-9001-CERT-trafileria-colombo-EN-2021.pdf||target:%20_blank&#8220;][\/vc_column][vc_column width=&#8220;1\/2&#8243;][vc_empty_space height=&#8220;50px&#8220;][vc_media_grid item=&#8220;mediaGrid_SimpleOverlay&#8220; initial_loading_animation=&#8220;none&#8220; grid_id=&#8220;vc_gid:1654693393765-ecacf17a-289f-4&#8243; include=&#8220;775,790,690,685,680&#8243;][\/vc_column][\/vc_row]<\/p>\n","protected":false},"excerpt":{"rendered":"<p>[vc_row margin_bottom=&#8220;30&#8243;][vc_column][vc_column_text] Waehrend 70 Jahre hat Trafileria Colombo srl jene Merkamale entwickelt, die sie zu einer f\u00fchrenden Firma sowohl auf nationaler als auch auf internazionaler Eben, gemacht hat. [\/vc_column_text][\/vc_column][\/vc_row][vc_row][vc_column width=&#8220;1\/2&#8243;][vc_column_text] Gr\u00fcndung Die Firma \u201cColombo Enrico e Figli\u201d wurde im Jahr 1948 von herrn Colombo Enrico gegruendet. Es handelte sich um eine kleine handwerkliche Firma im&hellip;<\/p>\n","protected":false},"author":4,"featured_media":0,"parent":0,"menu_order":0,"comment_status":"closed","ping_status":"closed","template":"","meta":{"_monsterinsights_skip_tracking":false,"_monsterinsights_sitenote_active":false,"_monsterinsights_sitenote_note":"","_monsterinsights_sitenote_category":0},"yoast_head":"<!-- This site is optimized with the Yoast SEO plugin v17.6 - https:\/\/yoast.com\/wordpress\/plugins\/seo\/ -->\n<title>Der Betrieb - Trafileria Colombo<\/title>\n<meta name=\"robots\" content=\"index, follow, max-snippet:-1, max-image-preview:large, max-video-preview:-1\" \/>\n<link rel=\"canonical\" href=\"https:\/\/www.trafileriacolombo.com\/de\/der-betrieb\/\" \/>\n<meta property=\"og:locale\" content=\"de_DE\" \/>\n<meta property=\"og:type\" content=\"article\" \/>\n<meta property=\"og:title\" content=\"Der Betrieb - Trafileria Colombo\" \/>\n<meta property=\"og:description\" content=\"[vc_row margin_bottom=&#8220;30&#8243;][vc_column][vc_column_text] Waehrend 70 Jahre hat Trafileria Colombo srl jene Merkamale entwickelt, die sie zu einer f\u00fchrenden Firma sowohl auf nationaler als auch auf internazionaler Eben, gemacht hat. [\/vc_column_text][\/vc_column][\/vc_row][vc_row][vc_column width=&#8220;1\/2&#8243;][vc_column_text] Gr\u00fcndung Die Firma \u201cColombo Enrico e Figli\u201d wurde im Jahr 1948 von herrn Colombo Enrico gegruendet. Es handelte sich um eine kleine handwerkliche Firma im&hellip;\" \/>\n<meta property=\"og:url\" content=\"https:\/\/www.trafileriacolombo.com\/de\/der-betrieb\/\" \/>\n<meta property=\"og:site_name\" content=\"Trafileria Colombo\" \/>\n<meta property=\"article:modified_time\" content=\"2022-06-08T13:15:26+00:00\" \/>\n<meta name=\"twitter:card\" content=\"summary\" \/>\n<meta name=\"twitter:label1\" content=\"Gesch\u00e4tzte Lesezeit\" \/>\n\t<meta name=\"twitter:data1\" content=\"1\u00a0Minute\" \/>\n<script type=\"application\/ld+json\" class=\"yoast-schema-graph\">{\"@context\":\"https:\/\/schema.org\",\"@graph\":[{\"@type\":\"WebSite\",\"@id\":\"https:\/\/www.trafileriacolombo.com\/#website\",\"url\":\"https:\/\/www.trafileriacolombo.com\/\",\"name\":\"Trafileria Colombo\",\"description\":\"Iron, steel drawn flates and squares production, sharp-edged, round-edged flats\",\"potentialAction\":[{\"@type\":\"SearchAction\",\"target\":{\"@type\":\"EntryPoint\",\"urlTemplate\":\"https:\/\/www.trafileriacolombo.com\/?s={search_term_string}\"},\"query-input\":\"required name=search_term_string\"}],\"inLanguage\":\"de\"},{\"@type\":\"WebPage\",\"@id\":\"https:\/\/www.trafileriacolombo.com\/de\/der-betrieb\/#webpage\",\"url\":\"https:\/\/www.trafileriacolombo.com\/de\/der-betrieb\/\",\"name\":\"Der Betrieb - Trafileria Colombo\",\"isPartOf\":{\"@id\":\"https:\/\/www.trafileriacolombo.com\/#website\"},\"datePublished\":\"2015-07-09T08:20:49+00:00\",\"dateModified\":\"2022-06-08T13:15:26+00:00\",\"breadcrumb\":{\"@id\":\"https:\/\/www.trafileriacolombo.com\/de\/der-betrieb\/#breadcrumb\"},\"inLanguage\":\"de\",\"potentialAction\":[{\"@type\":\"ReadAction\",\"target\":[\"https:\/\/www.trafileriacolombo.com\/de\/der-betrieb\/\"]}]},{\"@type\":\"BreadcrumbList\",\"@id\":\"https:\/\/www.trafileriacolombo.com\/de\/der-betrieb\/#breadcrumb\",\"itemListElement\":[{\"@type\":\"ListItem\",\"position\":1,\"name\":\"Home\",\"item\":\"https:\/\/www.trafileriacolombo.com\/de\/\"},{\"@type\":\"ListItem\",\"position\":2,\"name\":\"Der Betrieb\"}]}]}<\/script>\n<!-- \/ Yoast SEO plugin. -->","yoast_head_json":{"title":"Der Betrieb - Trafileria Colombo","robots":{"index":"index","follow":"follow","max-snippet":"max-snippet:-1","max-image-preview":"max-image-preview:large","max-video-preview":"max-video-preview:-1"},"canonical":"https:\/\/www.trafileriacolombo.com\/de\/der-betrieb\/","og_locale":"de_DE","og_type":"article","og_title":"Der Betrieb - Trafileria Colombo","og_description":"[vc_row margin_bottom=&#8220;30&#8243;][vc_column][vc_column_text] Waehrend 70 Jahre hat Trafileria Colombo srl jene Merkamale entwickelt, die sie zu einer f\u00fchrenden Firma sowohl auf nationaler als auch auf internazionaler Eben, gemacht hat. [\/vc_column_text][\/vc_column][\/vc_row][vc_row][vc_column width=&#8220;1\/2&#8243;][vc_column_text] Gr\u00fcndung Die Firma \u201cColombo Enrico e Figli\u201d wurde im Jahr 1948 von herrn Colombo Enrico gegruendet. Es handelte sich um eine kleine handwerkliche Firma im&hellip;","og_url":"https:\/\/www.trafileriacolombo.com\/de\/der-betrieb\/","og_site_name":"Trafileria Colombo","article_modified_time":"2022-06-08T13:15:26+00:00","twitter_card":"summary","twitter_misc":{"Gesch\u00e4tzte Lesezeit":"1\u00a0Minute"},"schema":{"@context":"https:\/\/schema.org","@graph":[{"@type":"WebSite","@id":"https:\/\/www.trafileriacolombo.com\/#website","url":"https:\/\/www.trafileriacolombo.com\/","name":"Trafileria Colombo","description":"Iron, steel drawn flates and squares production, sharp-edged, round-edged flats","potentialAction":[{"@type":"SearchAction","target":{"@type":"EntryPoint","urlTemplate":"https:\/\/www.trafileriacolombo.com\/?s={search_term_string}"},"query-input":"required name=search_term_string"}],"inLanguage":"de"},{"@type":"WebPage","@id":"https:\/\/www.trafileriacolombo.com\/de\/der-betrieb\/#webpage","url":"https:\/\/www.trafileriacolombo.com\/de\/der-betrieb\/","name":"Der Betrieb - Trafileria Colombo","isPartOf":{"@id":"https:\/\/www.trafileriacolombo.com\/#website"},"datePublished":"2015-07-09T08:20:49+00:00","dateModified":"2022-06-08T13:15:26+00:00","breadcrumb":{"@id":"https:\/\/www.trafileriacolombo.com\/de\/der-betrieb\/#breadcrumb"},"inLanguage":"de","potentialAction":[{"@type":"ReadAction","target":["https:\/\/www.trafileriacolombo.com\/de\/der-betrieb\/"]}]},{"@type":"BreadcrumbList","@id":"https:\/\/www.trafileriacolombo.com\/de\/der-betrieb\/#breadcrumb","itemListElement":[{"@type":"ListItem","position":1,"name":"Home","item":"https:\/\/www.trafileriacolombo.com\/de\/"},{"@type":"ListItem","position":2,"name":"Der Betrieb"}]}]}},"_links":{"self":[{"href":"https:\/\/www.trafileriacolombo.com\/de\/wp-json\/wp\/v2\/pages\/240\/"}],"collection":[{"href":"https:\/\/www.trafileriacolombo.com\/de\/wp-json\/wp\/v2\/pages\/"}],"about":[{"href":"https:\/\/www.trafileriacolombo.com\/de\/wp-json\/wp\/v2\/types\/page\/"}],"author":[{"embeddable":true,"href":"https:\/\/www.trafileriacolombo.com\/de\/wp-json\/wp\/v2\/users\/4\/"}],"replies":[{"embeddable":true,"href":"https:\/\/www.trafileriacolombo.com\/de\/wp-json\/wp\/v2\/comments\/?post=240"}],"version-history":[{"count":13,"href":"https:\/\/www.trafileriacolombo.com\/de\/wp-json\/wp\/v2\/pages\/240\/revisions\/"}],"predecessor-version":[{"id":889,"href":"https:\/\/www.trafileriacolombo.com\/de\/wp-json\/wp\/v2\/pages\/240\/revisions\/889\/"}],"wp:attachment":[{"href":"https:\/\/www.trafileriacolombo.com\/de\/wp-json\/wp\/v2\/media\/?parent=240"}],"curies":[{"name":"wp","href":"https:\/\/api.w.org\/{rel}","templated":true}]}}