{"id":246,"date":"2015-07-08T16:51:23","date_gmt":"2015-07-08T14:51:23","guid":{"rendered":"http:\/\/demo.trafileriacolombo.com\/home-3\/"},"modified":"2019-03-19T14:24:40","modified_gmt":"2019-03-19T13:24:40","slug":"home","status":"publish","type":"page","link":"https:\/\/www.trafileriacolombo.com\/es\/","title":{"rendered":"Home"},"content":{"rendered":"<p>[vc_row margin_top=\u00bb-20&#8243;][vc_column width=\u00bb1\/3&#8243;][vc_column_text]<a href=\"\/es\/empresa\/\"><img class=\"alignnone size-medium wp-image-11\" src=\"http:\/\/www.trafileriacolombo.com\/wp-content\/uploads\/2015\/07\/azienda-trafileria-300x153.jpg\" alt=\"azienda-trafileria\" width=\"100%\" srcset=\"https:\/\/www.trafileriacolombo.com\/wp-content\/uploads\/2015\/07\/azienda-trafileria-300x153.jpg 300w, https:\/\/www.trafileriacolombo.com\/wp-content\/uploads\/2015\/07\/azienda-trafileria.jpg 350w\" sizes=\"(max-width: 300px) 100vw, 300px\" \/><\/a><\/p>\n<h2 style=\"font-size: 20px; color: 5f5f5f;\">Empresa<\/h2>\n<p>La Empresa surge sobre un \u00e1rea de 13.000 m2, de los cuales 4.000 m2 ocupados por naves que alojan una unidad de producci\u00f3n , almacenes y officinas.<\/p>\n<p>La experiencia acumulada en sesenta a\u00f1os de actividad ponen a la Trafileria Colombo S.r.l. a la vanguardia entre las empresas del sector y esta certificada ISO 9001:2015.<\/p>\n<p><a href=\"\/es\/empresa\/\"><strong>IR A P\u00c1GINA<\/strong><\/a>[\/vc_column_text][\/vc_column][vc_column width=\u00bb1\/3&#8243;][vc_column_text]<a href=\"\/es\/productos\/\"><img class=\"alignnone size-full wp-image-22\" src=\"\/wp-content\/uploads\/2015\/07\/prodotti-trafileria.jpg\" alt=\"prodotti-trafileria\" width=\"100%\" srcset=\"https:\/\/www.trafileriacolombo.com\/wp-content\/uploads\/2015\/07\/prodotti-trafileria.jpg 349w, https:\/\/www.trafileriacolombo.com\/wp-content\/uploads\/2015\/07\/prodotti-trafileria-300x154.jpg 300w\" sizes=\"(max-width: 349px) 100vw, 349px\" \/><\/a><\/p>\n<h2 style=\"font-size: 20px; color: 5f5f5f;\">Productos<\/h2>\n<p>La Trafileria Colombo S.r.l. \u00e8 una Societ\u00e0 specializzata nella produzione di:<\/p>\n<ul>\n<li style=\"list-style-type: none;\">\n<ul>\n<li>PLANOS ESTIRADOS \u2013 CUADRADOS ESTIRADOS<\/li>\n<li>PERFILES ESTIRADOS<\/li>\n<li>PLANOS LAMINADOS EN FRIO<\/li>\n<li>CON CANTOS VIVOS Y CON BORDES REDONDOS<\/li>\n<li>EN EJECUCIO\u2019N CRUDOS O RECOCIDOS<\/li>\n<\/ul>\n<\/li>\n<\/ul>\n<p><a href=\"\/es\/productos\/\"><strong>IR A P\u00c1GINA<\/strong><\/a>[\/vc_column_text][\/vc_column][vc_column width=\u00bb1\/3&#8243;][vc_column_text]<a href=\"\/es\/contactos\/\"><img class=\"alignnone size-full wp-image-24\" src=\"\/wp-content\/uploads\/2015\/07\/contatti-trafileria.jpg\" alt=\"contatti-trafileria\" width=\"100%\" \/><\/a><\/p>\n<h2 style=\"font-size: 20px; color: 5f5f5f;\">Contactos<\/h2>\n<p>Via Sicilia, 79<br \/>\n20020 Bienate di Magnago (Mi)<\/p>\n<p>Tel\u00e9fono +39 0331 657193 &#8211; 657314<br \/>\nFax +39 0331 657201<\/p>\n<p>trafcol@trafileriacolombo.com<br \/>\nproduzione@trafileriacolombo.com<\/p>\n<p><a href=\"\/es\/contactos\/\"><strong>IR A P\u00c1GINA<\/strong><\/a>[\/vc_column_text][\/vc_column][\/vc_row]<\/p>\n","protected":false},"excerpt":{"rendered":"<p>[vc_row margin_top=\u00bb-20&#8243;][vc_column width=\u00bb1\/3&#8243;][vc_column_text] Empresa La Empresa surge sobre un \u00e1rea de 13.000 m2, de los cuales 4.000 m2 ocupados por naves que alojan una unidad de producci\u00f3n , almacenes y officinas. La experiencia acumulada en sesenta a\u00f1os de actividad ponen a la Trafileria Colombo S.r.l. a la vanguardia entre las empresas del sector y esta&hellip;<\/p>\n","protected":false},"author":4,"featured_media":0,"parent":0,"menu_order":0,"comment_status":"closed","ping_status":"closed","template":"","meta":{"_monsterinsights_skip_tracking":false,"_monsterinsights_sitenote_active":false,"_monsterinsights_sitenote_note":"","_monsterinsights_sitenote_category":0},"yoast_head":"<!-- This site is optimized with the Yoast SEO plugin v17.6 - https:\/\/yoast.com\/wordpress\/plugins\/seo\/ -->\n<title>Home - Trafileria Colombo<\/title>\n<meta name=\"robots\" content=\"index, follow, max-snippet:-1, max-image-preview:large, max-video-preview:-1\" \/>\n<link rel=\"canonical\" href=\"https:\/\/www.trafileriacolombo.com\/es\/\" \/>\n<meta property=\"og:locale\" content=\"es_ES\" \/>\n<meta property=\"og:type\" content=\"article\" \/>\n<meta property=\"og:title\" content=\"Home - Trafileria Colombo\" \/>\n<meta property=\"og:description\" content=\"[vc_row margin_top=\u00bb-20&#8243;][vc_column width=\u00bb1\/3&#8243;][vc_column_text] Empresa La Empresa surge sobre un \u00e1rea de 13.000 m2, de los cuales 4.000 m2 ocupados por naves que alojan una unidad de producci\u00f3n , almacenes y officinas. La experiencia acumulada en sesenta a\u00f1os de actividad ponen a la Trafileria Colombo S.r.l. a la vanguardia entre las empresas del sector y esta&hellip;\" \/>\n<meta property=\"og:url\" content=\"https:\/\/www.trafileriacolombo.com\/es\/\" \/>\n<meta property=\"og:site_name\" content=\"Trafileria Colombo\" \/>\n<meta property=\"article:modified_time\" content=\"2019-03-19T13:24:40+00:00\" \/>\n<meta property=\"og:image\" content=\"https:\/\/www.trafileriacolombo.com\/wp-content\/uploads\/2015\/07\/azienda-trafileria-300x153.jpg\" \/>\n<meta name=\"twitter:card\" content=\"summary\" \/>\n<meta name=\"twitter:label1\" content=\"Tiempo de lectura\" \/>\n\t<meta name=\"twitter:data1\" content=\"1 minuto\" \/>\n<script type=\"application\/ld+json\" class=\"yoast-schema-graph\">{\"@context\":\"https:\/\/schema.org\",\"@graph\":[{\"@type\":\"WebSite\",\"@id\":\"https:\/\/www.trafileriacolombo.com\/#website\",\"url\":\"https:\/\/www.trafileriacolombo.com\/\",\"name\":\"Trafileria Colombo\",\"description\":\"Iron, steel drawn flates and squares production, sharp-edged, round-edged flats\",\"potentialAction\":[{\"@type\":\"SearchAction\",\"target\":{\"@type\":\"EntryPoint\",\"urlTemplate\":\"https:\/\/www.trafileriacolombo.com\/?s={search_term_string}\"},\"query-input\":\"required name=search_term_string\"}],\"inLanguage\":\"es\"},{\"@type\":\"ImageObject\",\"@id\":\"https:\/\/www.trafileriacolombo.com\/es\/#primaryimage\",\"inLanguage\":\"es\",\"url\":\"http:\/\/www.trafileriacolombo.com\/wp-content\/uploads\/2015\/07\/azienda-trafileria-300x153.jpg\",\"contentUrl\":\"http:\/\/www.trafileriacolombo.com\/wp-content\/uploads\/2015\/07\/azienda-trafileria-300x153.jpg\"},{\"@type\":\"WebPage\",\"@id\":\"https:\/\/www.trafileriacolombo.com\/es\/#webpage\",\"url\":\"https:\/\/www.trafileriacolombo.com\/es\/\",\"name\":\"Home - Trafileria Colombo\",\"isPartOf\":{\"@id\":\"https:\/\/www.trafileriacolombo.com\/#website\"},\"primaryImageOfPage\":{\"@id\":\"https:\/\/www.trafileriacolombo.com\/es\/#primaryimage\"},\"datePublished\":\"2015-07-08T14:51:23+00:00\",\"dateModified\":\"2019-03-19T13:24:40+00:00\",\"breadcrumb\":{\"@id\":\"https:\/\/www.trafileriacolombo.com\/es\/#breadcrumb\"},\"inLanguage\":\"es\",\"potentialAction\":[{\"@type\":\"ReadAction\",\"target\":[\"https:\/\/www.trafileriacolombo.com\/es\/\"]}]},{\"@type\":\"BreadcrumbList\",\"@id\":\"https:\/\/www.trafileriacolombo.com\/es\/#breadcrumb\",\"itemListElement\":[{\"@type\":\"ListItem\",\"position\":1,\"name\":\"Home\",\"item\":\"https:\/\/www.trafileriacolombo.com\/es\/\"},{\"@type\":\"ListItem\",\"position\":2,\"name\":\"Home\"}]}]}<\/script>\n<!-- \/ Yoast SEO plugin. -->","yoast_head_json":{"title":"Home - Trafileria Colombo","robots":{"index":"index","follow":"follow","max-snippet":"max-snippet:-1","max-image-preview":"max-image-preview:large","max-video-preview":"max-video-preview:-1"},"canonical":"https:\/\/www.trafileriacolombo.com\/es\/","og_locale":"es_ES","og_type":"article","og_title":"Home - Trafileria Colombo","og_description":"[vc_row margin_top=\u00bb-20&#8243;][vc_column width=\u00bb1\/3&#8243;][vc_column_text] Empresa La Empresa surge sobre un \u00e1rea de 13.000 m2, de los cuales 4.000 m2 ocupados por naves que alojan una unidad de producci\u00f3n , almacenes y officinas. La experiencia acumulada en sesenta a\u00f1os de actividad ponen a la Trafileria Colombo S.r.l. a la vanguardia entre las empresas del sector y esta&hellip;","og_url":"https:\/\/www.trafileriacolombo.com\/es\/","og_site_name":"Trafileria Colombo","article_modified_time":"2019-03-19T13:24:40+00:00","og_image":[{"url":"https:\/\/www.trafileriacolombo.com\/wp-content\/uploads\/2015\/07\/azienda-trafileria-300x153.jpg"}],"twitter_card":"summary","twitter_misc":{"Tiempo de lectura":"1 minuto"},"schema":{"@context":"https:\/\/schema.org","@graph":[{"@type":"WebSite","@id":"https:\/\/www.trafileriacolombo.com\/#website","url":"https:\/\/www.trafileriacolombo.com\/","name":"Trafileria Colombo","description":"Iron, steel drawn flates and squares production, sharp-edged, round-edged flats","potentialAction":[{"@type":"SearchAction","target":{"@type":"EntryPoint","urlTemplate":"https:\/\/www.trafileriacolombo.com\/?s={search_term_string}"},"query-input":"required name=search_term_string"}],"inLanguage":"es"},{"@type":"ImageObject","@id":"https:\/\/www.trafileriacolombo.com\/es\/#primaryimage","inLanguage":"es","url":"http:\/\/www.trafileriacolombo.com\/wp-content\/uploads\/2015\/07\/azienda-trafileria-300x153.jpg","contentUrl":"http:\/\/www.trafileriacolombo.com\/wp-content\/uploads\/2015\/07\/azienda-trafileria-300x153.jpg"},{"@type":"WebPage","@id":"https:\/\/www.trafileriacolombo.com\/es\/#webpage","url":"https:\/\/www.trafileriacolombo.com\/es\/","name":"Home - Trafileria Colombo","isPartOf":{"@id":"https:\/\/www.trafileriacolombo.com\/#website"},"primaryImageOfPage":{"@id":"https:\/\/www.trafileriacolombo.com\/es\/#primaryimage"},"datePublished":"2015-07-08T14:51:23+00:00","dateModified":"2019-03-19T13:24:40+00:00","breadcrumb":{"@id":"https:\/\/www.trafileriacolombo.com\/es\/#breadcrumb"},"inLanguage":"es","potentialAction":[{"@type":"ReadAction","target":["https:\/\/www.trafileriacolombo.com\/es\/"]}]},{"@type":"BreadcrumbList","@id":"https:\/\/www.trafileriacolombo.com\/es\/#breadcrumb","itemListElement":[{"@type":"ListItem","position":1,"name":"Home","item":"https:\/\/www.trafileriacolombo.com\/es\/"},{"@type":"ListItem","position":2,"name":"Home"}]}]}},"_links":{"self":[{"href":"https:\/\/www.trafileriacolombo.com\/es\/wp-json\/wp\/v2\/pages\/246\/"}],"collection":[{"href":"https:\/\/www.trafileriacolombo.com\/es\/wp-json\/wp\/v2\/pages\/"}],"about":[{"href":"https:\/\/www.trafileriacolombo.com\/es\/wp-json\/wp\/v2\/types\/page\/"}],"author":[{"embeddable":true,"href":"https:\/\/www.trafileriacolombo.com\/es\/wp-json\/wp\/v2\/users\/4\/"}],"replies":[{"embeddable":true,"href":"https:\/\/www.trafileriacolombo.com\/es\/wp-json\/wp\/v2\/comments\/?post=246"}],"version-history":[{"count":5,"href":"https:\/\/www.trafileriacolombo.com\/es\/wp-json\/wp\/v2\/pages\/246\/revisions\/"}],"predecessor-version":[{"id":514,"href":"https:\/\/www.trafileriacolombo.com\/es\/wp-json\/wp\/v2\/pages\/246\/revisions\/514\/"}],"wp:attachment":[{"href":"https:\/\/www.trafileriacolombo.com\/es\/wp-json\/wp\/v2\/media\/?parent=246"}],"curies":[{"name":"wp","href":"https:\/\/api.w.org\/{rel}","templated":true}]}}