{"id":248,"date":"2015-07-09T10:20:49","date_gmt":"2015-07-09T08:20:49","guid":{"rendered":"http:\/\/demo.trafileriacolombo.com\/azienda-2\/"},"modified":"2022-06-08T15:16:11","modified_gmt":"2022-06-08T13:16:11","slug":"empresa","status":"publish","type":"page","link":"https:\/\/www.trafileriacolombo.com\/es\/empresa\/","title":{"rendered":"Empresa"},"content":{"rendered":"<p>[vc_row margin_bottom=\u00bb30&#8243;][vc_column][vc_column_text]<\/p>\n<p style=\"font-size: 25px; line-height: 28px;\"><strong>La Trafileria Colombo s.r.l<\/strong>, en setenta a\u00f1os de historia, ha conseguido formar las caracter\u00edsticas propias que la han representado y la siguen representando como una de las primeras empresas al nivel nacional e Internacional.<\/p>\n<p>[\/vc_column_text][\/vc_column][\/vc_row][vc_row][vc_column width=\u00bb1\/2&#8243;][vc_column_text]<\/p>\n<h2 style=\"color: #2b98ed;\">Fundaci\u00f3n<\/h2>\n<p>La <strong>\u00abColombo Enrico e hijos\u00bb<\/strong> fue fundada en el 1948 por el S\u00f1r Colombo Enrico. Era una peque\u00f1a empresa artesanal de elaboraci\u00f3n del acero con a la base una <strong>experiencia de treinta y cinco a\u00f1os<\/strong> de su fundador en el sector sider\u00fargico. Enrico Colombo y 3 de sus 4 hijos representaban la empresa. S\u00f3lo Eloy y Franco seguir\u00e1n administr\u00e1ndola en el 1972 constituyendo pues en el 1973 la \u00abTrafileria Colombo s.d.f\u00bb.[\/vc_column_text][vc_column_text css=\u00bb.vc_custom_1553004124509{padding-top: 17px !important;padding-bottom: 10px !important;}\u00bb]<\/p>\n<h2 style=\"color: #2b98ed;\">Desarrollo<\/h2>\n<p>Durante 10 a\u00f1os sigue el desarrollo de las dimensiones empresariales y en el 1979 nace La \u201cTrafiler\u00eda Colombo s.r.l\u201d tal y como se presenta hoy en d\u00eda. Ha sido <strong>una de las primeras empresas a exportar sus productos al mercado del Este Europa<\/strong>. Tras un periodo de expansi\u00f3n importante, decide en el 1994 de certificar su actividad seg\u00fan las normas ISO 9001:2000. En el 2004 transfiere la propiedad a Gisella, Monica y Riccardo que ocupan las mayores funciones en la empresa.<\/p>\n<p>La Trafileria Colombo s.r.l, en sesenta a\u00f1os de historia, ha conseguido formar las caracter\u00edsticas propias que la han representado y la siguen representando como una de las primeras empresas al nivel nacional e Internacional.[\/vc_column_text][vc_btn title=\u00bbISO 9001:2015&#8243; style=\u00bbflat\u00bb shape=\u00bbsquare\u00bb color=\u00bbprimary\u00bb size=\u00bbsm\u00bb link=\u00bburl:%2Fwp-content%2Fuploads%2F%2F2021%2F04%2FISO-9001-CERT-trafileria-colombo-EN-2021.pdf||target:%20_blank\u00bb][\/vc_column][vc_column width=\u00bb1\/2&#8243;][vc_empty_space height=\u00bb50px\u00bb][vc_media_grid item=\u00bbmediaGrid_SimpleOverlay\u00bb initial_loading_animation=\u00bbnone\u00bb grid_id=\u00bbvc_gid:1654693393765-ecacf17a-289f-4&#8243; include=\u00bb778,793,693,688,683&#8243;][\/vc_column][\/vc_row]<\/p>\n","protected":false},"excerpt":{"rendered":"<p>[vc_row margin_bottom=\u00bb30&#8243;][vc_column][vc_column_text] La Trafileria Colombo s.r.l, en setenta a\u00f1os de historia, ha conseguido formar las caracter\u00edsticas propias que la han representado y la siguen representando como una de las primeras empresas al nivel nacional e Internacional. [\/vc_column_text][\/vc_column][\/vc_row][vc_row][vc_column width=\u00bb1\/2&#8243;][vc_column_text] Fundaci\u00f3n La \u00abColombo Enrico e hijos\u00bb fue fundada en el 1948 por el S\u00f1r Colombo Enrico. Era&hellip;<\/p>\n","protected":false},"author":4,"featured_media":0,"parent":0,"menu_order":0,"comment_status":"closed","ping_status":"closed","template":"","meta":{"_monsterinsights_skip_tracking":false,"_monsterinsights_sitenote_active":false,"_monsterinsights_sitenote_note":"","_monsterinsights_sitenote_category":0},"yoast_head":"<!-- This site is optimized with the Yoast SEO plugin v17.6 - https:\/\/yoast.com\/wordpress\/plugins\/seo\/ -->\n<title>Empresa - Trafileria Colombo<\/title>\n<meta name=\"robots\" content=\"index, follow, max-snippet:-1, max-image-preview:large, max-video-preview:-1\" \/>\n<link rel=\"canonical\" href=\"https:\/\/www.trafileriacolombo.com\/es\/empresa\/\" \/>\n<meta property=\"og:locale\" content=\"es_ES\" \/>\n<meta property=\"og:type\" content=\"article\" \/>\n<meta property=\"og:title\" content=\"Empresa - Trafileria Colombo\" \/>\n<meta property=\"og:description\" content=\"[vc_row margin_bottom=\u00bb30&#8243;][vc_column][vc_column_text] La Trafileria Colombo s.r.l, en setenta a\u00f1os de historia, ha conseguido formar las caracter\u00edsticas propias que la han representado y la siguen representando como una de las primeras empresas al nivel nacional e Internacional. [\/vc_column_text][\/vc_column][\/vc_row][vc_row][vc_column width=\u00bb1\/2&#8243;][vc_column_text] Fundaci\u00f3n La \u00abColombo Enrico e hijos\u00bb fue fundada en el 1948 por el S\u00f1r Colombo Enrico. Era&hellip;\" \/>\n<meta property=\"og:url\" content=\"https:\/\/www.trafileriacolombo.com\/es\/empresa\/\" \/>\n<meta property=\"og:site_name\" content=\"Trafileria Colombo\" \/>\n<meta property=\"article:modified_time\" content=\"2022-06-08T13:16:11+00:00\" \/>\n<meta name=\"twitter:card\" content=\"summary\" \/>\n<meta name=\"twitter:label1\" content=\"Tiempo de lectura\" \/>\n\t<meta name=\"twitter:data1\" content=\"2 minutos\" \/>\n<script type=\"application\/ld+json\" class=\"yoast-schema-graph\">{\"@context\":\"https:\/\/schema.org\",\"@graph\":[{\"@type\":\"WebSite\",\"@id\":\"https:\/\/www.trafileriacolombo.com\/#website\",\"url\":\"https:\/\/www.trafileriacolombo.com\/\",\"name\":\"Trafileria Colombo\",\"description\":\"Iron, steel drawn flates and squares production, sharp-edged, round-edged flats\",\"potentialAction\":[{\"@type\":\"SearchAction\",\"target\":{\"@type\":\"EntryPoint\",\"urlTemplate\":\"https:\/\/www.trafileriacolombo.com\/?s={search_term_string}\"},\"query-input\":\"required name=search_term_string\"}],\"inLanguage\":\"es\"},{\"@type\":\"WebPage\",\"@id\":\"https:\/\/www.trafileriacolombo.com\/es\/empresa\/#webpage\",\"url\":\"https:\/\/www.trafileriacolombo.com\/es\/empresa\/\",\"name\":\"Empresa - Trafileria Colombo\",\"isPartOf\":{\"@id\":\"https:\/\/www.trafileriacolombo.com\/#website\"},\"datePublished\":\"2015-07-09T08:20:49+00:00\",\"dateModified\":\"2022-06-08T13:16:11+00:00\",\"breadcrumb\":{\"@id\":\"https:\/\/www.trafileriacolombo.com\/es\/empresa\/#breadcrumb\"},\"inLanguage\":\"es\",\"potentialAction\":[{\"@type\":\"ReadAction\",\"target\":[\"https:\/\/www.trafileriacolombo.com\/es\/empresa\/\"]}]},{\"@type\":\"BreadcrumbList\",\"@id\":\"https:\/\/www.trafileriacolombo.com\/es\/empresa\/#breadcrumb\",\"itemListElement\":[{\"@type\":\"ListItem\",\"position\":1,\"name\":\"Home\",\"item\":\"https:\/\/www.trafileriacolombo.com\/es\/\"},{\"@type\":\"ListItem\",\"position\":2,\"name\":\"Empresa\"}]}]}<\/script>\n<!-- \/ Yoast SEO plugin. -->","yoast_head_json":{"title":"Empresa - Trafileria Colombo","robots":{"index":"index","follow":"follow","max-snippet":"max-snippet:-1","max-image-preview":"max-image-preview:large","max-video-preview":"max-video-preview:-1"},"canonical":"https:\/\/www.trafileriacolombo.com\/es\/empresa\/","og_locale":"es_ES","og_type":"article","og_title":"Empresa - Trafileria Colombo","og_description":"[vc_row margin_bottom=\u00bb30&#8243;][vc_column][vc_column_text] La Trafileria Colombo s.r.l, en setenta a\u00f1os de historia, ha conseguido formar las caracter\u00edsticas propias que la han representado y la siguen representando como una de las primeras empresas al nivel nacional e Internacional. [\/vc_column_text][\/vc_column][\/vc_row][vc_row][vc_column width=\u00bb1\/2&#8243;][vc_column_text] Fundaci\u00f3n La \u00abColombo Enrico e hijos\u00bb fue fundada en el 1948 por el S\u00f1r Colombo Enrico. Era&hellip;","og_url":"https:\/\/www.trafileriacolombo.com\/es\/empresa\/","og_site_name":"Trafileria Colombo","article_modified_time":"2022-06-08T13:16:11+00:00","twitter_card":"summary","twitter_misc":{"Tiempo de lectura":"2 minutos"},"schema":{"@context":"https:\/\/schema.org","@graph":[{"@type":"WebSite","@id":"https:\/\/www.trafileriacolombo.com\/#website","url":"https:\/\/www.trafileriacolombo.com\/","name":"Trafileria Colombo","description":"Iron, steel drawn flates and squares production, sharp-edged, round-edged flats","potentialAction":[{"@type":"SearchAction","target":{"@type":"EntryPoint","urlTemplate":"https:\/\/www.trafileriacolombo.com\/?s={search_term_string}"},"query-input":"required name=search_term_string"}],"inLanguage":"es"},{"@type":"WebPage","@id":"https:\/\/www.trafileriacolombo.com\/es\/empresa\/#webpage","url":"https:\/\/www.trafileriacolombo.com\/es\/empresa\/","name":"Empresa - Trafileria Colombo","isPartOf":{"@id":"https:\/\/www.trafileriacolombo.com\/#website"},"datePublished":"2015-07-09T08:20:49+00:00","dateModified":"2022-06-08T13:16:11+00:00","breadcrumb":{"@id":"https:\/\/www.trafileriacolombo.com\/es\/empresa\/#breadcrumb"},"inLanguage":"es","potentialAction":[{"@type":"ReadAction","target":["https:\/\/www.trafileriacolombo.com\/es\/empresa\/"]}]},{"@type":"BreadcrumbList","@id":"https:\/\/www.trafileriacolombo.com\/es\/empresa\/#breadcrumb","itemListElement":[{"@type":"ListItem","position":1,"name":"Home","item":"https:\/\/www.trafileriacolombo.com\/es\/"},{"@type":"ListItem","position":2,"name":"Empresa"}]}]}},"_links":{"self":[{"href":"https:\/\/www.trafileriacolombo.com\/es\/wp-json\/wp\/v2\/pages\/248\/"}],"collection":[{"href":"https:\/\/www.trafileriacolombo.com\/es\/wp-json\/wp\/v2\/pages\/"}],"about":[{"href":"https:\/\/www.trafileriacolombo.com\/es\/wp-json\/wp\/v2\/types\/page\/"}],"author":[{"embeddable":true,"href":"https:\/\/www.trafileriacolombo.com\/es\/wp-json\/wp\/v2\/users\/4\/"}],"replies":[{"embeddable":true,"href":"https:\/\/www.trafileriacolombo.com\/es\/wp-json\/wp\/v2\/comments\/?post=248"}],"version-history":[{"count":12,"href":"https:\/\/www.trafileriacolombo.com\/es\/wp-json\/wp\/v2\/pages\/248\/revisions\/"}],"predecessor-version":[{"id":891,"href":"https:\/\/www.trafileriacolombo.com\/es\/wp-json\/wp\/v2\/pages\/248\/revisions\/891\/"}],"wp:attachment":[{"href":"https:\/\/www.trafileriacolombo.com\/es\/wp-json\/wp\/v2\/media\/?parent=248"}],"curies":[{"name":"wp","href":"https:\/\/api.w.org\/{rel}","templated":true}]}}