{"id":234,"date":"2015-07-08T16:51:23","date_gmt":"2015-07-08T14:51:23","guid":{"rendered":"http:\/\/demo.trafileriacolombo.com\/home-3\/"},"modified":"2019-03-19T14:23:08","modified_gmt":"2019-03-19T13:23:08","slug":"home","status":"publish","type":"page","link":"https:\/\/www.trafileriacolombo.com\/fr\/","title":{"rendered":"Home"},"content":{"rendered":"<p>[vc_row margin_top=\u00a0\u00bb-20&Prime;][vc_column width=\u00a0\u00bb1\/3&Prime;][vc_column_text]<a href=\"\/fr\/enterprise\/\"><img class=\"alignnone size-medium wp-image-11\" src=\"http:\/\/www.trafileriacolombo.com\/wp-content\/uploads\/2015\/07\/azienda-trafileria-300x153.jpg\" alt=\"azienda-trafileria\" width=\"100%\" srcset=\"https:\/\/www.trafileriacolombo.com\/wp-content\/uploads\/2015\/07\/azienda-trafileria-300x153.jpg 300w, https:\/\/www.trafileriacolombo.com\/wp-content\/uploads\/2015\/07\/azienda-trafileria.jpg 350w\" sizes=\"(max-width: 300px) 100vw, 300px\" \/><\/a><\/p>\n<h2 style=\"font-size: 20px; color: 5f5f5f;\">Enterprise<\/h2>\n<p>L\u2019Entreprise s\u2019\u00e9tend sur une aire de 13.000 m2 dont 4.000 occup\u00e9s par des \u00e9difices compos\u00e9s par un atelier de production, des entrep\u00f4ts et des bureaux.<\/p>\n<p>Gr\u00e2ce \u00e0 ses soixante ans d\u2019exp\u00e9rience, la Trafileria Colombo S.r.l est une entreprise \u00e0 l\u2019avant-garde dans son secteur d\u2019activit\u00e9; elle poss\u00e8de la certification ISO 9001:2015.<\/p>\n<p><a href=\"\/fr\/enterprise\/\"><strong>ALLEZ \u00c0 LA PAGE<\/strong><\/a>[\/vc_column_text][\/vc_column][vc_column width=\u00a0\u00bb1\/3&Prime;][vc_column_text]<a href=\"\/fr\/produits\/\"><img class=\"alignnone size-full wp-image-22\" src=\"\/wp-content\/uploads\/2015\/07\/prodotti-trafileria.jpg\" alt=\"prodotti-trafileria\" width=\"100%\" srcset=\"https:\/\/www.trafileriacolombo.com\/wp-content\/uploads\/2015\/07\/prodotti-trafileria.jpg 349w, https:\/\/www.trafileriacolombo.com\/wp-content\/uploads\/2015\/07\/prodotti-trafileria-300x154.jpg 300w\" sizes=\"(max-width: 349px) 100vw, 349px\" \/><\/a><\/p>\n<h2 style=\"font-size: 20px; color: 5f5f5f;\">Produits<\/h2>\n<p>La Trafileria Colombo S.r.l. \u00e8 una Societ\u00e0 specializzata nella produzione di:<\/p>\n<ul>\n<li style=\"list-style-type: none;\">\n<ul>\n<li>Plats tr\u00e9fil\u00e9s \u2013 carr\u00e9s tr\u00e9fil\u00e9s<\/li>\n<li>Profils tr\u00e9fil\u00e9s<\/li>\n<li>Plats lamin\u00e9s \u00e0 froid<\/li>\n<li>\u00c0 ar\u00eates vives et \u00e0 bords arrondis<\/li>\n<li>Crus ou recuits<\/li>\n<\/ul>\n<\/li>\n<\/ul>\n<p><a href=\"\/fr\/produits\/\"><strong>ALLEZ \u00c0 LA PAGE<\/strong><\/a>[\/vc_column_text][\/vc_column][vc_column width=\u00a0\u00bb1\/3&Prime;][vc_column_text]<a href=\"\/fr\/contacts\/\"><img class=\"alignnone size-full wp-image-24\" src=\"\/wp-content\/uploads\/2015\/07\/contatti-trafileria.jpg\" alt=\"contatti-trafileria\" width=\"100%\" \/><\/a><\/p>\n<h2 style=\"font-size: 20px; color: 5f5f5f;\">Contacts<\/h2>\n<p>Via Sicilia, 79<br \/>\n20020 Bienate di Magnago (Mi)<\/p>\n<p>T\u00e9l\u00e9phone +39 0331 657193 &#8211; 657314<br \/>\nFax +39 0331 657201<\/p>\n<p>trafcol@trafileriacolombo.com<br \/>\nproduzione@trafileriacolombo.com<\/p>\n<p><a href=\"\/fr\/contacts\/\"><strong>ALLEZ \u00c0 LA PAGE<\/strong><\/a>[\/vc_column_text][\/vc_column][\/vc_row]<\/p>\n","protected":false},"excerpt":{"rendered":"<p>[vc_row margin_top=\u00a0\u00bb-20&Prime;][vc_column width=\u00a0\u00bb1\/3&Prime;][vc_column_text] Enterprise L\u2019Entreprise s\u2019\u00e9tend sur une aire de 13.000 m2 dont 4.000 occup\u00e9s par des \u00e9difices compos\u00e9s par un atelier de production, des entrep\u00f4ts et des bureaux. Gr\u00e2ce \u00e0 ses soixante ans d\u2019exp\u00e9rience, la Trafileria Colombo S.r.l est une entreprise \u00e0 l\u2019avant-garde dans son secteur d\u2019activit\u00e9; elle poss\u00e8de la certification ISO 9001:2015. ALLEZ&hellip;<\/p>\n","protected":false},"author":4,"featured_media":0,"parent":0,"menu_order":0,"comment_status":"closed","ping_status":"closed","template":"","meta":{"_monsterinsights_skip_tracking":false,"_monsterinsights_sitenote_active":false,"_monsterinsights_sitenote_note":"","_monsterinsights_sitenote_category":0},"yoast_head":"<!-- This site is optimized with the Yoast SEO plugin v17.6 - https:\/\/yoast.com\/wordpress\/plugins\/seo\/ -->\n<title>Home - Trafileria Colombo<\/title>\n<meta name=\"robots\" content=\"index, follow, max-snippet:-1, max-image-preview:large, max-video-preview:-1\" \/>\n<link rel=\"canonical\" href=\"https:\/\/www.trafileriacolombo.com\/fr\/\" \/>\n<meta property=\"og:locale\" content=\"fr_FR\" \/>\n<meta property=\"og:type\" content=\"article\" \/>\n<meta property=\"og:title\" content=\"Home - Trafileria Colombo\" \/>\n<meta property=\"og:description\" content=\"[vc_row margin_top=\u00a0\u00bb-20&Prime;][vc_column width=\u00a0\u00bb1\/3&Prime;][vc_column_text] Enterprise L\u2019Entreprise s\u2019\u00e9tend sur une aire de 13.000 m2 dont 4.000 occup\u00e9s par des \u00e9difices compos\u00e9s par un atelier de production, des entrep\u00f4ts et des bureaux. Gr\u00e2ce \u00e0 ses soixante ans d\u2019exp\u00e9rience, la Trafileria Colombo S.r.l est une entreprise \u00e0 l\u2019avant-garde dans son secteur d\u2019activit\u00e9; elle poss\u00e8de la certification ISO 9001:2015. ALLEZ&hellip;\" \/>\n<meta property=\"og:url\" content=\"https:\/\/www.trafileriacolombo.com\/fr\/\" \/>\n<meta property=\"og:site_name\" content=\"Trafileria Colombo\" \/>\n<meta property=\"article:modified_time\" content=\"2019-03-19T13:23:08+00:00\" \/>\n<meta property=\"og:image\" content=\"https:\/\/www.trafileriacolombo.com\/wp-content\/uploads\/2015\/07\/azienda-trafileria-300x153.jpg\" \/>\n<meta name=\"twitter:card\" content=\"summary\" \/>\n<meta name=\"twitter:label1\" content=\"Dur\u00e9e de lecture estim\u00e9e\" \/>\n\t<meta name=\"twitter:data1\" content=\"1 minute\" \/>\n<script type=\"application\/ld+json\" class=\"yoast-schema-graph\">{\"@context\":\"https:\/\/schema.org\",\"@graph\":[{\"@type\":\"WebSite\",\"@id\":\"https:\/\/www.trafileriacolombo.com\/#website\",\"url\":\"https:\/\/www.trafileriacolombo.com\/\",\"name\":\"Trafileria Colombo\",\"description\":\"Iron, steel drawn flates and squares production, sharp-edged, round-edged flats\",\"potentialAction\":[{\"@type\":\"SearchAction\",\"target\":{\"@type\":\"EntryPoint\",\"urlTemplate\":\"https:\/\/www.trafileriacolombo.com\/?s={search_term_string}\"},\"query-input\":\"required name=search_term_string\"}],\"inLanguage\":\"fr-FR\"},{\"@type\":\"ImageObject\",\"@id\":\"https:\/\/www.trafileriacolombo.com\/fr\/#primaryimage\",\"inLanguage\":\"fr-FR\",\"url\":\"http:\/\/www.trafileriacolombo.com\/wp-content\/uploads\/2015\/07\/azienda-trafileria-300x153.jpg\",\"contentUrl\":\"http:\/\/www.trafileriacolombo.com\/wp-content\/uploads\/2015\/07\/azienda-trafileria-300x153.jpg\"},{\"@type\":\"WebPage\",\"@id\":\"https:\/\/www.trafileriacolombo.com\/fr\/#webpage\",\"url\":\"https:\/\/www.trafileriacolombo.com\/fr\/\",\"name\":\"Home - Trafileria Colombo\",\"isPartOf\":{\"@id\":\"https:\/\/www.trafileriacolombo.com\/#website\"},\"primaryImageOfPage\":{\"@id\":\"https:\/\/www.trafileriacolombo.com\/fr\/#primaryimage\"},\"datePublished\":\"2015-07-08T14:51:23+00:00\",\"dateModified\":\"2019-03-19T13:23:08+00:00\",\"breadcrumb\":{\"@id\":\"https:\/\/www.trafileriacolombo.com\/fr\/#breadcrumb\"},\"inLanguage\":\"fr-FR\",\"potentialAction\":[{\"@type\":\"ReadAction\",\"target\":[\"https:\/\/www.trafileriacolombo.com\/fr\/\"]}]},{\"@type\":\"BreadcrumbList\",\"@id\":\"https:\/\/www.trafileriacolombo.com\/fr\/#breadcrumb\",\"itemListElement\":[{\"@type\":\"ListItem\",\"position\":1,\"name\":\"Home\",\"item\":\"https:\/\/www.trafileriacolombo.com\/fr\/\"},{\"@type\":\"ListItem\",\"position\":2,\"name\":\"Home\"}]}]}<\/script>\n<!-- \/ Yoast SEO plugin. -->","yoast_head_json":{"title":"Home - Trafileria Colombo","robots":{"index":"index","follow":"follow","max-snippet":"max-snippet:-1","max-image-preview":"max-image-preview:large","max-video-preview":"max-video-preview:-1"},"canonical":"https:\/\/www.trafileriacolombo.com\/fr\/","og_locale":"fr_FR","og_type":"article","og_title":"Home - Trafileria Colombo","og_description":"[vc_row margin_top=\u00a0\u00bb-20&Prime;][vc_column width=\u00a0\u00bb1\/3&Prime;][vc_column_text] Enterprise L\u2019Entreprise s\u2019\u00e9tend sur une aire de 13.000 m2 dont 4.000 occup\u00e9s par des \u00e9difices compos\u00e9s par un atelier de production, des entrep\u00f4ts et des bureaux. Gr\u00e2ce \u00e0 ses soixante ans d\u2019exp\u00e9rience, la Trafileria Colombo S.r.l est une entreprise \u00e0 l\u2019avant-garde dans son secteur d\u2019activit\u00e9; elle poss\u00e8de la certification ISO 9001:2015. ALLEZ&hellip;","og_url":"https:\/\/www.trafileriacolombo.com\/fr\/","og_site_name":"Trafileria Colombo","article_modified_time":"2019-03-19T13:23:08+00:00","og_image":[{"url":"https:\/\/www.trafileriacolombo.com\/wp-content\/uploads\/2015\/07\/azienda-trafileria-300x153.jpg"}],"twitter_card":"summary","twitter_misc":{"Dur\u00e9e de lecture estim\u00e9e":"1 minute"},"schema":{"@context":"https:\/\/schema.org","@graph":[{"@type":"WebSite","@id":"https:\/\/www.trafileriacolombo.com\/#website","url":"https:\/\/www.trafileriacolombo.com\/","name":"Trafileria Colombo","description":"Iron, steel drawn flates and squares production, sharp-edged, round-edged flats","potentialAction":[{"@type":"SearchAction","target":{"@type":"EntryPoint","urlTemplate":"https:\/\/www.trafileriacolombo.com\/?s={search_term_string}"},"query-input":"required name=search_term_string"}],"inLanguage":"fr-FR"},{"@type":"ImageObject","@id":"https:\/\/www.trafileriacolombo.com\/fr\/#primaryimage","inLanguage":"fr-FR","url":"http:\/\/www.trafileriacolombo.com\/wp-content\/uploads\/2015\/07\/azienda-trafileria-300x153.jpg","contentUrl":"http:\/\/www.trafileriacolombo.com\/wp-content\/uploads\/2015\/07\/azienda-trafileria-300x153.jpg"},{"@type":"WebPage","@id":"https:\/\/www.trafileriacolombo.com\/fr\/#webpage","url":"https:\/\/www.trafileriacolombo.com\/fr\/","name":"Home - Trafileria Colombo","isPartOf":{"@id":"https:\/\/www.trafileriacolombo.com\/#website"},"primaryImageOfPage":{"@id":"https:\/\/www.trafileriacolombo.com\/fr\/#primaryimage"},"datePublished":"2015-07-08T14:51:23+00:00","dateModified":"2019-03-19T13:23:08+00:00","breadcrumb":{"@id":"https:\/\/www.trafileriacolombo.com\/fr\/#breadcrumb"},"inLanguage":"fr-FR","potentialAction":[{"@type":"ReadAction","target":["https:\/\/www.trafileriacolombo.com\/fr\/"]}]},{"@type":"BreadcrumbList","@id":"https:\/\/www.trafileriacolombo.com\/fr\/#breadcrumb","itemListElement":[{"@type":"ListItem","position":1,"name":"Home","item":"https:\/\/www.trafileriacolombo.com\/fr\/"},{"@type":"ListItem","position":2,"name":"Home"}]}]}},"_links":{"self":[{"href":"https:\/\/www.trafileriacolombo.com\/fr\/wp-json\/wp\/v2\/pages\/234\/"}],"collection":[{"href":"https:\/\/www.trafileriacolombo.com\/fr\/wp-json\/wp\/v2\/pages\/"}],"about":[{"href":"https:\/\/www.trafileriacolombo.com\/fr\/wp-json\/wp\/v2\/types\/page\/"}],"author":[{"embeddable":true,"href":"https:\/\/www.trafileriacolombo.com\/fr\/wp-json\/wp\/v2\/users\/4\/"}],"replies":[{"embeddable":true,"href":"https:\/\/www.trafileriacolombo.com\/fr\/wp-json\/wp\/v2\/comments\/?post=234"}],"version-history":[{"count":7,"href":"https:\/\/www.trafileriacolombo.com\/fr\/wp-json\/wp\/v2\/pages\/234\/revisions\/"}],"predecessor-version":[{"id":513,"href":"https:\/\/www.trafileriacolombo.com\/fr\/wp-json\/wp\/v2\/pages\/234\/revisions\/513\/"}],"wp:attachment":[{"href":"https:\/\/www.trafileriacolombo.com\/fr\/wp-json\/wp\/v2\/media\/?parent=234"}],"curies":[{"name":"wp","href":"https:\/\/api.w.org\/{rel}","templated":true}]}}