{"id":236,"date":"2015-07-09T10:20:49","date_gmt":"2015-07-09T08:20:49","guid":{"rendered":"http:\/\/demo.trafileriacolombo.com\/azienda-2\/"},"modified":"2022-06-08T15:14:45","modified_gmt":"2022-06-08T13:14:45","slug":"enterprise","status":"publish","type":"page","link":"https:\/\/www.trafileriacolombo.com\/fr\/enterprise\/","title":{"rendered":"Enterprise"},"content":{"rendered":"<p>[vc_row margin_bottom=\u00a0\u00bb30&Prime;][vc_column][vc_column_text]<\/p>\n<p style=\"font-size: 25px; line-height: 28px;\">La <strong>Trafileria Colombo srl<\/strong> avec ses 70 ann\u00e9es d\u2019exp\u00e9riences repr\u00e9sente aujourd\u2019hui l\u2019une des premi\u00e8res entreprises dans le secteur de l\u2019acier, aussi bien au niveau National que International.<\/p>\n<p>[\/vc_column_text][\/vc_column][\/vc_row][vc_row][vc_column width=\u00a0\u00bb1\/2&Prime;][vc_column_text]<\/p>\n<h2 style=\"color: #2b98ed;\">Fondation<\/h2>\n<p><strong>\u201cColombo Enrico e figli\u201d<\/strong> a \u00e9t\u00e9 fond\u00e9e en 1948 par Colombo Enrico.<br \/>\nIl s\u2019agissait au d\u00e9part d\u2019une petite entreprise artisanale travaillant l\u2019acier, bas\u00e9e sur une<strong> exp\u00e9rience de 35 ans <\/strong>acquise par son fondateur dans le secteur de la sid\u00e9rurgie. A l\u2019\u00e9poque l\u2019organigramme \u00e9tait constitu\u00e9 par son fondateur et trois de ses 4 enfants. Eligio et Franco continu\u00e8rent \u00e0 diriger l\u2019entreprise familiale \u00e0 partir de 1972 et en 1973 naissait la \u201cTrafileria Colombo sdf\u201d.[\/vc_column_text][vc_column_text css=\u00a0\u00bb.vc_custom_1553004040991{padding-top: 17px !important;padding-bottom: 10px !important;}\u00a0\u00bb]<\/p>\n<h2 style=\"color: #2b98ed;\">D\u00e9veloppement<\/h2>\n<p>L\u2019entreprise ne cesse de s\u2019agrandir et en 1979 conf\u00e8re toute son activit\u00e9 \u00e0 la \u201cTrafileria Colombo srl\u201d telle qu\u2019elle se pr\u00e9sente \u00e0 ce jour . Elle a \u00e9t\u00e9 l\u2019<strong>une des premi\u00e8res entreprises \u00e0 exporter ses produits sur l\u2019Europe<\/strong> de l\u2019Est et en 1994, \u00e0 la suite de sa forte expansion et pr\u00e9sence sur le march\u00e9 International, d\u00e9cide de c<strong>ertifier son activit\u00e9<\/strong> selon les nomes ISO 9001:2000.<\/p>\n<p>En 2004 s\u2019effectue le passage de propri\u00e9t\u00e9 aupr\u00e8s des successeurs Gisella, Monica et Riccardo occupant \u00e0 eux trois les principales fonctions dans l\u2019entreprise.[\/vc_column_text][vc_btn title=\u00a0\u00bbISO 9001:2015&Prime; style=\u00a0\u00bbflat\u00a0\u00bb shape=\u00a0\u00bbsquare\u00a0\u00bb color=\u00a0\u00bbprimary\u00a0\u00bb size=\u00a0\u00bbsm\u00a0\u00bb link=\u00a0\u00bburl:%2Fwp-content%2Fuploads%2F2021%2F04%2FISO-9001-CERT-trafileria-colombo-EN-2021.pdf||target:%20_blank\u00a0\u00bb][\/vc_column][vc_column width=\u00a0\u00bb1\/2&Prime;][vc_empty_space height=\u00a0\u00bb50px\u00a0\u00bb][vc_media_grid item=\u00a0\u00bbmediaGrid_SimpleOverlay\u00a0\u00bb initial_loading_animation=\u00a0\u00bbnone\u00a0\u00bb grid_id=\u00a0\u00bbvc_gid:1654693393765-ecacf17a-289f-4&Prime; include=\u00a0\u00bb774,789,689,684,679&Prime;][\/vc_column][\/vc_row]<\/p>\n","protected":false},"excerpt":{"rendered":"<p>[vc_row margin_bottom=\u00a0\u00bb30&Prime;][vc_column][vc_column_text] La Trafileria Colombo srl avec ses 70 ann\u00e9es d\u2019exp\u00e9riences repr\u00e9sente aujourd\u2019hui l\u2019une des premi\u00e8res entreprises dans le secteur de l\u2019acier, aussi bien au niveau National que International. [\/vc_column_text][\/vc_column][\/vc_row][vc_row][vc_column width=\u00a0\u00bb1\/2&Prime;][vc_column_text] Fondation \u201cColombo Enrico e figli\u201d a \u00e9t\u00e9 fond\u00e9e en 1948 par Colombo Enrico. Il s\u2019agissait au d\u00e9part d\u2019une petite entreprise artisanale travaillant l\u2019acier, bas\u00e9e&hellip;<\/p>\n","protected":false},"author":4,"featured_media":0,"parent":0,"menu_order":0,"comment_status":"closed","ping_status":"closed","template":"","meta":{"_monsterinsights_skip_tracking":false,"_monsterinsights_sitenote_active":false,"_monsterinsights_sitenote_note":"","_monsterinsights_sitenote_category":0},"yoast_head":"<!-- This site is optimized with the Yoast SEO plugin v17.6 - https:\/\/yoast.com\/wordpress\/plugins\/seo\/ -->\n<title>Enterprise - Trafileria Colombo<\/title>\n<meta name=\"robots\" content=\"index, follow, max-snippet:-1, max-image-preview:large, max-video-preview:-1\" \/>\n<link rel=\"canonical\" href=\"https:\/\/www.trafileriacolombo.com\/fr\/enterprise\/\" \/>\n<meta property=\"og:locale\" content=\"fr_FR\" \/>\n<meta property=\"og:type\" content=\"article\" \/>\n<meta property=\"og:title\" content=\"Enterprise - Trafileria Colombo\" \/>\n<meta property=\"og:description\" content=\"[vc_row margin_bottom=\u00a0\u00bb30&Prime;][vc_column][vc_column_text] La Trafileria Colombo srl avec ses 70 ann\u00e9es d\u2019exp\u00e9riences repr\u00e9sente aujourd\u2019hui l\u2019une des premi\u00e8res entreprises dans le secteur de l\u2019acier, aussi bien au niveau National que International. [\/vc_column_text][\/vc_column][\/vc_row][vc_row][vc_column width=\u00a0\u00bb1\/2&Prime;][vc_column_text] Fondation \u201cColombo Enrico e figli\u201d a \u00e9t\u00e9 fond\u00e9e en 1948 par Colombo Enrico. Il s\u2019agissait au d\u00e9part d\u2019une petite entreprise artisanale travaillant l\u2019acier, bas\u00e9e&hellip;\" \/>\n<meta property=\"og:url\" content=\"https:\/\/www.trafileriacolombo.com\/fr\/enterprise\/\" \/>\n<meta property=\"og:site_name\" content=\"Trafileria Colombo\" \/>\n<meta property=\"article:modified_time\" content=\"2022-06-08T13:14:45+00:00\" \/>\n<meta name=\"twitter:card\" content=\"summary\" \/>\n<meta name=\"twitter:label1\" content=\"Dur\u00e9e de lecture estim\u00e9e\" \/>\n\t<meta name=\"twitter:data1\" content=\"1 minute\" \/>\n<script type=\"application\/ld+json\" class=\"yoast-schema-graph\">{\"@context\":\"https:\/\/schema.org\",\"@graph\":[{\"@type\":\"WebSite\",\"@id\":\"https:\/\/www.trafileriacolombo.com\/#website\",\"url\":\"https:\/\/www.trafileriacolombo.com\/\",\"name\":\"Trafileria Colombo\",\"description\":\"Iron, steel drawn flates and squares production, sharp-edged, round-edged flats\",\"potentialAction\":[{\"@type\":\"SearchAction\",\"target\":{\"@type\":\"EntryPoint\",\"urlTemplate\":\"https:\/\/www.trafileriacolombo.com\/?s={search_term_string}\"},\"query-input\":\"required name=search_term_string\"}],\"inLanguage\":\"fr-FR\"},{\"@type\":\"WebPage\",\"@id\":\"https:\/\/www.trafileriacolombo.com\/fr\/enterprise\/#webpage\",\"url\":\"https:\/\/www.trafileriacolombo.com\/fr\/enterprise\/\",\"name\":\"Enterprise - Trafileria Colombo\",\"isPartOf\":{\"@id\":\"https:\/\/www.trafileriacolombo.com\/#website\"},\"datePublished\":\"2015-07-09T08:20:49+00:00\",\"dateModified\":\"2022-06-08T13:14:45+00:00\",\"breadcrumb\":{\"@id\":\"https:\/\/www.trafileriacolombo.com\/fr\/enterprise\/#breadcrumb\"},\"inLanguage\":\"fr-FR\",\"potentialAction\":[{\"@type\":\"ReadAction\",\"target\":[\"https:\/\/www.trafileriacolombo.com\/fr\/enterprise\/\"]}]},{\"@type\":\"BreadcrumbList\",\"@id\":\"https:\/\/www.trafileriacolombo.com\/fr\/enterprise\/#breadcrumb\",\"itemListElement\":[{\"@type\":\"ListItem\",\"position\":1,\"name\":\"Home\",\"item\":\"https:\/\/www.trafileriacolombo.com\/fr\/\"},{\"@type\":\"ListItem\",\"position\":2,\"name\":\"Enterprise\"}]}]}<\/script>\n<!-- \/ Yoast SEO plugin. -->","yoast_head_json":{"title":"Enterprise - Trafileria Colombo","robots":{"index":"index","follow":"follow","max-snippet":"max-snippet:-1","max-image-preview":"max-image-preview:large","max-video-preview":"max-video-preview:-1"},"canonical":"https:\/\/www.trafileriacolombo.com\/fr\/enterprise\/","og_locale":"fr_FR","og_type":"article","og_title":"Enterprise - Trafileria Colombo","og_description":"[vc_row margin_bottom=\u00a0\u00bb30&Prime;][vc_column][vc_column_text] La Trafileria Colombo srl avec ses 70 ann\u00e9es d\u2019exp\u00e9riences repr\u00e9sente aujourd\u2019hui l\u2019une des premi\u00e8res entreprises dans le secteur de l\u2019acier, aussi bien au niveau National que International. [\/vc_column_text][\/vc_column][\/vc_row][vc_row][vc_column width=\u00a0\u00bb1\/2&Prime;][vc_column_text] Fondation \u201cColombo Enrico e figli\u201d a \u00e9t\u00e9 fond\u00e9e en 1948 par Colombo Enrico. Il s\u2019agissait au d\u00e9part d\u2019une petite entreprise artisanale travaillant l\u2019acier, bas\u00e9e&hellip;","og_url":"https:\/\/www.trafileriacolombo.com\/fr\/enterprise\/","og_site_name":"Trafileria Colombo","article_modified_time":"2022-06-08T13:14:45+00:00","twitter_card":"summary","twitter_misc":{"Dur\u00e9e de lecture estim\u00e9e":"1 minute"},"schema":{"@context":"https:\/\/schema.org","@graph":[{"@type":"WebSite","@id":"https:\/\/www.trafileriacolombo.com\/#website","url":"https:\/\/www.trafileriacolombo.com\/","name":"Trafileria Colombo","description":"Iron, steel drawn flates and squares production, sharp-edged, round-edged flats","potentialAction":[{"@type":"SearchAction","target":{"@type":"EntryPoint","urlTemplate":"https:\/\/www.trafileriacolombo.com\/?s={search_term_string}"},"query-input":"required name=search_term_string"}],"inLanguage":"fr-FR"},{"@type":"WebPage","@id":"https:\/\/www.trafileriacolombo.com\/fr\/enterprise\/#webpage","url":"https:\/\/www.trafileriacolombo.com\/fr\/enterprise\/","name":"Enterprise - Trafileria Colombo","isPartOf":{"@id":"https:\/\/www.trafileriacolombo.com\/#website"},"datePublished":"2015-07-09T08:20:49+00:00","dateModified":"2022-06-08T13:14:45+00:00","breadcrumb":{"@id":"https:\/\/www.trafileriacolombo.com\/fr\/enterprise\/#breadcrumb"},"inLanguage":"fr-FR","potentialAction":[{"@type":"ReadAction","target":["https:\/\/www.trafileriacolombo.com\/fr\/enterprise\/"]}]},{"@type":"BreadcrumbList","@id":"https:\/\/www.trafileriacolombo.com\/fr\/enterprise\/#breadcrumb","itemListElement":[{"@type":"ListItem","position":1,"name":"Home","item":"https:\/\/www.trafileriacolombo.com\/fr\/"},{"@type":"ListItem","position":2,"name":"Enterprise"}]}]}},"_links":{"self":[{"href":"https:\/\/www.trafileriacolombo.com\/fr\/wp-json\/wp\/v2\/pages\/236\/"}],"collection":[{"href":"https:\/\/www.trafileriacolombo.com\/fr\/wp-json\/wp\/v2\/pages\/"}],"about":[{"href":"https:\/\/www.trafileriacolombo.com\/fr\/wp-json\/wp\/v2\/types\/page\/"}],"author":[{"embeddable":true,"href":"https:\/\/www.trafileriacolombo.com\/fr\/wp-json\/wp\/v2\/users\/4\/"}],"replies":[{"embeddable":true,"href":"https:\/\/www.trafileriacolombo.com\/fr\/wp-json\/wp\/v2\/comments\/?post=236"}],"version-history":[{"count":14,"href":"https:\/\/www.trafileriacolombo.com\/fr\/wp-json\/wp\/v2\/pages\/236\/revisions\/"}],"predecessor-version":[{"id":886,"href":"https:\/\/www.trafileriacolombo.com\/fr\/wp-json\/wp\/v2\/pages\/236\/revisions\/886\/"}],"wp:attachment":[{"href":"https:\/\/www.trafileriacolombo.com\/fr\/wp-json\/wp\/v2\/media\/?parent=236"}],"curies":[{"name":"wp","href":"https:\/\/api.w.org\/{rel}","templated":true}]}}